{"id":9,"date":"2018-10-15T09:46:20","date_gmt":"2018-10-15T12:46:20","guid":{"rendered":"https:\/\/jupiterx.artbees.net\/orthosie\/?page_id=9"},"modified":"2024-10-02T12:10:19","modified_gmt":"2024-10-02T15:10:19","slug":"quienes-somos","status":"publish","type":"page","link":"https:\/\/overlandsalta.com\/en\/quienes-somos\/","title":{"rendered":"ABOUT US"},"content":{"rendered":"<div data-elementor-type=\"wp-post\" data-elementor-id=\"9\" class=\"elementor elementor-9\">\n\t\t\t\t\t\t<section class=\"elementor-section elementor-top-section elementor-element elementor-element-aa92029 elementor-section-height-min-height elementor-section-content-middle elementor-section-boxed elementor-section-height-default elementor-section-items-middle\" data-id=\"aa92029\" data-element_type=\"section\" data-e-type=\"section\" data-settings=\"{&quot;background_background&quot;:&quot;classic&quot;}\">\n\t\t\t\t\t\t<div class=\"elementor-container elementor-column-gap-default\">\n\t\t\t\t\t<div class=\"elementor-column elementor-col-100 elementor-top-column elementor-element elementor-element-9e2a6b9\" data-id=\"9e2a6b9\" data-element_type=\"column\" data-e-type=\"column\">\n\t\t\t<div class=\"elementor-widget-wrap elementor-element-populated\">\n\t\t\t\t\t\t<div class=\"elementor-element elementor-element-a4f93d2 elementor-widget elementor-widget-heading\" data-id=\"a4f93d2\" data-element_type=\"widget\" data-e-type=\"widget\" data-widget_type=\"heading.default\">\n\t\t\t\t<div class=\"elementor-widget-container\">\n\t\t\t\t\t<h2 class=\"elementor-heading-title elementor-size-default\">overland salta<\/h2>\t\t\t\t<\/div>\n\t\t\t\t<\/div>\n\t\t\t\t<div class=\"elementor-element elementor-element-65303ab elementor-widget elementor-widget-image\" data-id=\"65303ab\" data-element_type=\"widget\" data-e-type=\"widget\" data-widget_type=\"image.default\">\n\t\t\t\t<div class=\"elementor-widget-container\">\n\t\t\t\t\t\t\t\t\t\t\t\t\t\t\t<img decoding=\"async\" width=\"1\" height=\"1\" src=\"https:\/\/overlandsalta.com\/wp-content\/uploads\/2018\/10\/divider-ornamental.svg\" class=\"attachment-large size-large wp-image-57\" alt=\"\" \/>\t\t\t\t\t\t\t\t\t\t\t\t\t\t\t<\/div>\n\t\t\t\t<\/div>\n\t\t\t\t<div class=\"elementor-element elementor-element-5b5ee82 elementor-widget elementor-widget-heading\" data-id=\"5b5ee82\" data-element_type=\"widget\" data-e-type=\"widget\" data-widget_type=\"heading.default\">\n\t\t\t\t<div class=\"elementor-widget-container\">\n\t\t\t\t\t<h3 class=\"elementor-heading-title elementor-size-default\">Why choose us?<\/h3>\t\t\t\t<\/div>\n\t\t\t\t<\/div>\n\t\t\t\t\t<\/div>\n\t\t<\/div>\n\t\t\t\t\t<\/div>\n\t\t<\/section>\n\t\t\t\t<section class=\"elementor-section elementor-top-section elementor-element elementor-element-5937922 elementor-section-full_width elementor-section-height-default elementor-section-height-default\" data-id=\"5937922\" data-element_type=\"section\" data-e-type=\"section\" data-settings=\"{&quot;background_background&quot;:&quot;classic&quot;}\">\n\t\t\t\t\t\t<div class=\"elementor-container elementor-column-gap-default\">\n\t\t\t\t\t<div class=\"elementor-column elementor-col-50 elementor-top-column elementor-element elementor-element-2fe9316\" data-id=\"2fe9316\" data-element_type=\"column\" data-e-type=\"column\" data-settings=\"{&quot;background_background&quot;:&quot;classic&quot;}\">\n\t\t\t<div class=\"elementor-widget-wrap\">\n\t\t\t\t\t\t\t<\/div>\n\t\t<\/div>\n\t\t\t\t<div class=\"elementor-column elementor-col-50 elementor-top-column elementor-element elementor-element-dba24fd\" data-id=\"dba24fd\" data-element_type=\"column\" data-e-type=\"column\">\n\t\t\t<div class=\"elementor-widget-wrap elementor-element-populated\">\n\t\t\t\t\t\t<div class=\"elementor-element elementor-element-2d2436d elementor-widget elementor-widget-heading\" data-id=\"2d2436d\" data-element_type=\"widget\" data-e-type=\"widget\" data-widget_type=\"heading.default\">\n\t\t\t\t<div class=\"elementor-widget-container\">\n\t\t\t\t\t<h2 class=\"elementor-heading-title elementor-size-default\">EXPERIENCE<\/h2>\t\t\t\t<\/div>\n\t\t\t\t<\/div>\n\t\t\t\t<div class=\"elementor-element elementor-element-ea2dfd3 elementor-widget elementor-widget-image\" data-id=\"ea2dfd3\" data-element_type=\"widget\" data-e-type=\"widget\" data-widget_type=\"image.default\">\n\t\t\t\t<div class=\"elementor-widget-container\">\n\t\t\t\t\t\t\t\t\t\t\t\t\t\t\t<img decoding=\"async\" width=\"1\" height=\"1\" src=\"https:\/\/overlandsalta.com\/wp-content\/uploads\/2018\/10\/divider-ornamental.svg\" class=\"attachment-large size-large wp-image-57\" alt=\"\" \/>\t\t\t\t\t\t\t\t\t\t\t\t\t\t\t<\/div>\n\t\t\t\t<\/div>\n\t\t\t\t<div class=\"elementor-element elementor-element-3eeb6b0 elementor-widget elementor-widget-text-editor\" data-id=\"3eeb6b0\" data-element_type=\"widget\" data-e-type=\"widget\" data-widget_type=\"text-editor.default\">\n\t\t\t\t<div class=\"elementor-widget-container\">\n\t\t\t\t\t\t\t\t\t<p>A native of Buenos Aires, in 2003 and after having worked for several years in companies linked to the years in companies linked to tourism in Latin America,\nI decided to open my own path in Salta, starting a new life and a new activity.<\/p><p>Those were pioneering years for tourism in the northwest of Argentina. I had the opportunity to travel around South America, which motivated me to think about tourism proposals linked to nature and the incredible environment we have in Salta. These experiences reaffirmed my desire to do the Descent of the Cuesta del Obispo on mountain bike.<\/p><p>The beginnings were not easy. Getting permits for activities that the province had never developed before, spreading the word about the proposal, generating a public that was willing to try new things. At that time, we took the tourists in a 4x4 truck to the top of the Cuesta,\nthen we adapted a trailer to transport the bikes, and little by Little we built this beautiful and original experience of interaction between the landscape, nature and the history of the place.<\/p><p>All my previous work experience in tourism allowed me to develop a proposal that aimed to use bicycles as a form of mobility, offering transfers, equipment, guides, meals and safety.<\/p><p>During my experience in Cuesta del Obispo I was also able to combine other jobs in adventure tourism in which I developed: rafting guide, safety kayaker, and canopy guide. In addition to the courses of first aid in first aid in wild areas (WFR), rafting guide accredited by the International Rafting Association rafting guide accredited by the International Rafting Association (IRF), birdwatching guide, among others.<\/p><p>We offer a wide range of experiences. As we go down the Cuesta we can interpret a landscape, spot a native species of fauna or birds, enjoy the immensity of colours, taste delicious local specialities and join together in a journey through the environment with which we merge. In short, no two descents of the Cuesta are ever completely the same, the descent is you and what you experience. I am always looking to improve and that everyone who goes through the experience wants to come back, soon.<\/p><p>Gustavo Su\u00e1rez<\/p><p>\u00a0<\/p>\t\t\t\t\t\t\t\t<\/div>\n\t\t\t\t<\/div>\n\t\t\t\t\t<\/div>\n\t\t<\/div>\n\t\t\t\t\t<\/div>\n\t\t<\/section>\n\t\t\t\t<section class=\"elementor-section elementor-top-section elementor-element elementor-element-fc89997 elementor-section-height-min-height elementor-section-content-middle elementor-section-boxed elementor-section-height-default elementor-section-items-middle\" data-id=\"fc89997\" data-element_type=\"section\" data-e-type=\"section\" data-settings=\"{&quot;background_background&quot;:&quot;classic&quot;}\">\n\t\t\t\t\t\t<div class=\"elementor-container elementor-column-gap-default\">\n\t\t\t\t\t<div class=\"elementor-column elementor-col-100 elementor-top-column elementor-element elementor-element-abda250\" data-id=\"abda250\" data-element_type=\"column\" data-e-type=\"column\">\n\t\t\t<div class=\"elementor-widget-wrap elementor-element-populated\">\n\t\t\t\t\t\t<div class=\"elementor-element elementor-element-5e917e5 elementor-widget elementor-widget-heading\" data-id=\"5e917e5\" data-element_type=\"widget\" data-e-type=\"widget\" data-widget_type=\"heading.default\">\n\t\t\t\t<div class=\"elementor-widget-container\">\n\t\t\t\t\t<h2 class=\"elementor-heading-title elementor-size-default\">WE OFFER YOU<\/h2>\t\t\t\t<\/div>\n\t\t\t\t<\/div>\n\t\t\t\t<div class=\"elementor-element elementor-element-f0a8767 elementor-widget elementor-widget-image\" data-id=\"f0a8767\" data-element_type=\"widget\" data-e-type=\"widget\" data-widget_type=\"image.default\">\n\t\t\t\t<div class=\"elementor-widget-container\">\n\t\t\t\t\t\t\t\t\t\t\t\t\t\t\t<img decoding=\"async\" width=\"1\" height=\"1\" src=\"https:\/\/overlandsalta.com\/wp-content\/uploads\/2018\/10\/divider-ornamental.svg\" class=\"attachment-large size-large wp-image-57\" alt=\"\" \/>\t\t\t\t\t\t\t\t\t\t\t\t\t\t\t<\/div>\n\t\t\t\t<\/div>\n\t\t\t\t<div class=\"elementor-element elementor-element-085d52c elementor-widget elementor-widget-text-editor\" data-id=\"085d52c\" data-element_type=\"widget\" data-e-type=\"widget\" data-widget_type=\"text-editor.default\">\n\t\t\t\t<div class=\"elementor-widget-container\">\n\t\t\t\t\t\t\t\t\t<p>We have been working for 20 years doing mountain bike tours in the province of Salta.<br \/>We are adventure tourism providers in the province of Salta, authorized by the Ministry of Culture and Tourism of the Province of Salta.<br \/>We are A.D.O.P.T.A partners. (Association of Adventure Tourism Operators and Providers) of the province of Salta.<br \/>We have first aid and rescue courses in WFR wild areas.<\/p>\t\t\t\t\t\t\t\t<\/div>\n\t\t\t\t<\/div>\n\t\t\t\t\t<\/div>\n\t\t<\/div>\n\t\t\t\t\t<\/div>\n\t\t<\/section>\n\t\t\t\t<section class=\"elementor-section elementor-top-section elementor-element elementor-element-6b85af4 elementor-section-height-min-height elementor-section-content-middle elementor-section-boxed elementor-section-height-default elementor-section-items-middle\" data-id=\"6b85af4\" data-element_type=\"section\" data-e-type=\"section\" data-settings=\"{&quot;background_background&quot;:&quot;classic&quot;}\">\n\t\t\t\t\t\t<div class=\"elementor-container elementor-column-gap-default\">\n\t\t\t\t\t<div class=\"elementor-column elementor-col-100 elementor-top-column elementor-element elementor-element-f4cc2cf\" data-id=\"f4cc2cf\" data-element_type=\"column\" data-e-type=\"column\">\n\t\t\t<div class=\"elementor-widget-wrap elementor-element-populated\">\n\t\t\t\t\t\t<div class=\"elementor-element elementor-element-c9e79b7 elementor-widget elementor-widget-heading\" data-id=\"c9e79b7\" data-element_type=\"widget\" data-e-type=\"widget\" data-widget_type=\"heading.default\">\n\t\t\t\t<div class=\"elementor-widget-container\">\n\t\t\t\t\t<h2 class=\"elementor-heading-title elementor-size-default\">THEY ENDORSE US<\/h2>\t\t\t\t<\/div>\n\t\t\t\t<\/div>\n\t\t\t\t<div class=\"elementor-element elementor-element-1ccb158 elementor-widget elementor-widget-image\" data-id=\"1ccb158\" data-element_type=\"widget\" data-e-type=\"widget\" data-widget_type=\"image.default\">\n\t\t\t\t<div class=\"elementor-widget-container\">\n\t\t\t\t\t\t\t\t\t\t\t\t\t\t\t<img decoding=\"async\" width=\"1\" height=\"1\" src=\"https:\/\/overlandsalta.com\/wp-content\/uploads\/2018\/10\/divider-ornamental.svg\" class=\"attachment-large size-large wp-image-57\" alt=\"\" \/>\t\t\t\t\t\t\t\t\t\t\t\t\t\t\t<\/div>\n\t\t\t\t<\/div>\n\t\t\t\t\t<\/div>\n\t\t<\/div>\n\t\t\t\t\t<\/div>\n\t\t<\/section>\n\t\t\t\t<section class=\"elementor-section elementor-top-section elementor-element elementor-element-00fba3c elementor-section-content-middle elementor-section-boxed elementor-section-height-default elementor-section-height-default\" data-id=\"00fba3c\" data-element_type=\"section\" data-e-type=\"section\" data-settings=\"{&quot;background_background&quot;:&quot;classic&quot;}\">\n\t\t\t\t\t\t<div class=\"elementor-container elementor-column-gap-default\">\n\t\t\t\t\t<div class=\"elementor-column elementor-col-50 elementor-top-column elementor-element elementor-element-74cc776\" data-id=\"74cc776\" data-element_type=\"column\" data-e-type=\"column\">\n\t\t\t<div class=\"elementor-widget-wrap elementor-element-populated\">\n\t\t\t\t\t\t<div class=\"elementor-element elementor-element-5d74779 elementor-widget elementor-widget-image\" data-id=\"5d74779\" data-element_type=\"widget\" data-e-type=\"widget\" data-widget_type=\"image.default\">\n\t\t\t\t<div class=\"elementor-widget-container\">\n\t\t\t\t\t\t\t\t\t\t\t\t\t\t\t<img decoding=\"async\" width=\"200\" height=\"170\" src=\"https:\/\/overlandsalta.com\/wp-content\/uploads\/2020\/11\/adopta.png\" class=\"attachment-full size-full wp-image-1229\" alt=\"Logo Adopta\" \/>\t\t\t\t\t\t\t\t\t\t\t\t\t\t\t<\/div>\n\t\t\t\t<\/div>\n\t\t\t\t\t<\/div>\n\t\t<\/div>\n\t\t\t\t<div class=\"elementor-column elementor-col-50 elementor-top-column elementor-element elementor-element-99ab116\" data-id=\"99ab116\" data-element_type=\"column\" data-e-type=\"column\">\n\t\t\t<div class=\"elementor-widget-wrap elementor-element-populated\">\n\t\t\t\t\t\t<div class=\"elementor-element elementor-element-1580c3c elementor-widget elementor-widget-image\" data-id=\"1580c3c\" data-element_type=\"widget\" data-e-type=\"widget\" data-widget_type=\"image.default\">\n\t\t\t\t<div class=\"elementor-widget-container\">\n\t\t\t\t\t\t\t\t\t\t\t\t\t\t\t<img decoding=\"async\" width=\"200\" height=\"235\" src=\"https:\/\/overlandsalta.com\/wp-content\/uploads\/2020\/11\/2020-tripadvisor.jpg\" class=\"attachment-full size-full wp-image-1215\" alt=\"\" \/>\t\t\t\t\t\t\t\t\t\t\t\t\t\t\t<\/div>\n\t\t\t\t<\/div>\n\t\t\t\t\t<\/div>\n\t\t<\/div>\n\t\t\t\t\t<\/div>\n\t\t<\/section>\n\t\t\t\t<section class=\"elementor-section elementor-top-section elementor-element elementor-element-23b4c41 elementor-section-boxed elementor-section-height-default elementor-section-height-default\" data-id=\"23b4c41\" data-element_type=\"section\" data-e-type=\"section\">\n\t\t\t\t\t\t<div class=\"elementor-container elementor-column-gap-default\">\n\t\t\t\t\t<div class=\"elementor-column elementor-col-100 elementor-top-column elementor-element elementor-element-7c6532d\" data-id=\"7c6532d\" data-element_type=\"column\" data-e-type=\"column\">\n\t\t\t<div class=\"elementor-widget-wrap elementor-element-populated\">\n\t\t\t\t\t\t<div class=\"elementor-element elementor-element-5a950cf elementor-widget elementor-widget-image\" data-id=\"5a950cf\" data-element_type=\"widget\" data-e-type=\"widget\" data-widget_type=\"image.default\">\n\t\t\t\t<div class=\"elementor-widget-container\">\n\t\t\t\t\t\t\t\t\t\t\t\t\t\t\t<img loading=\"lazy\" decoding=\"async\" width=\"1024\" height=\"769\" src=\"https:\/\/overlandsalta.com\/wp-content\/uploads\/2024\/10\/WhatsApp-Image-2024-10-02-at-12.03.29-PM-1024x769.jpeg\" class=\"attachment-large size-large wp-image-2689\" alt=\"\" srcset=\"https:\/\/overlandsalta.com\/wp-content\/uploads\/2024\/10\/WhatsApp-Image-2024-10-02-at-12.03.29-PM-1024x769.jpeg 1024w, https:\/\/overlandsalta.com\/wp-content\/uploads\/2024\/10\/WhatsApp-Image-2024-10-02-at-12.03.29-PM-300x225.jpeg 300w, https:\/\/overlandsalta.com\/wp-content\/uploads\/2024\/10\/WhatsApp-Image-2024-10-02-at-12.03.29-PM-768x577.jpeg 768w, https:\/\/overlandsalta.com\/wp-content\/uploads\/2024\/10\/WhatsApp-Image-2024-10-02-at-12.03.29-PM-1536x1154.jpeg 1536w, https:\/\/overlandsalta.com\/wp-content\/uploads\/2024\/10\/WhatsApp-Image-2024-10-02-at-12.03.29-PM-16x12.jpeg 16w, https:\/\/overlandsalta.com\/wp-content\/uploads\/2024\/10\/WhatsApp-Image-2024-10-02-at-12.03.29-PM.jpeg 1600w\" sizes=\"(max-width: 1024px) 100vw, 1024px\" \/>\t\t\t\t\t\t\t\t\t\t\t\t\t\t\t<\/div>\n\t\t\t\t<\/div>\n\t\t\t\t\t<\/div>\n\t\t<\/div>\n\t\t\t\t\t<\/div>\n\t\t<\/section>\n\t\t\t\t<\/div>","protected":false},"excerpt":{"rendered":"<p>overland salta \u00bfPor qu\u00e9 elegirnos? Expericiencia Oriundo de Buenos Aires, en el a\u00f1o 2003 y tras haber trabajado durante varios a\u00f1os en empresas ligadas al Turismo en Latinoam\u00e9rica, decid\u00ed abrir mi propio camino en Salta, iniciando una nueva vida y una nueva actividad. Eran a\u00f1os pioneros para el Turismo en el Noroeste Argentino. Tuve la [&hellip;]<\/p>\n","protected":false},"author":2,"featured_media":0,"parent":0,"menu_order":0,"comment_status":"closed","ping_status":"closed","template":"full-width.php","meta":{"_acf_changed":false,"footnotes":""},"class_list":["post-9","page","type-page","status-publish","hentry"],"acf":[],"_links":{"self":[{"href":"https:\/\/overlandsalta.com\/en\/wp-json\/wp\/v2\/pages\/9","targetHints":{"allow":["GET"]}}],"collection":[{"href":"https:\/\/overlandsalta.com\/en\/wp-json\/wp\/v2\/pages"}],"about":[{"href":"https:\/\/overlandsalta.com\/en\/wp-json\/wp\/v2\/types\/page"}],"author":[{"embeddable":true,"href":"https:\/\/overlandsalta.com\/en\/wp-json\/wp\/v2\/users\/2"}],"replies":[{"embeddable":true,"href":"https:\/\/overlandsalta.com\/en\/wp-json\/wp\/v2\/comments?post=9"}],"version-history":[{"count":27,"href":"https:\/\/overlandsalta.com\/en\/wp-json\/wp\/v2\/pages\/9\/revisions"}],"predecessor-version":[{"id":2693,"href":"https:\/\/overlandsalta.com\/en\/wp-json\/wp\/v2\/pages\/9\/revisions\/2693"}],"wp:attachment":[{"href":"https:\/\/overlandsalta.com\/en\/wp-json\/wp\/v2\/media?parent=9"}],"curies":[{"name":"wp","href":"https:\/\/api.w.org\/{rel}","templated":true}]}}