{"id":1999,"date":"2022-04-14T12:01:19","date_gmt":"2022-04-14T15:01:19","guid":{"rendered":"https:\/\/overlandsalta.com\/?page_id=1999"},"modified":"2024-04-08T20:26:18","modified_gmt":"2024-04-08T23:26:18","slug":"asuncion-de-riesgos","status":"publish","type":"page","link":"https:\/\/overlandsalta.com\/en\/asuncion-de-riesgos\/","title":{"rendered":"Consentimiento informado"},"content":{"rendered":"<p>*Su seguridad es nuestra prioridad, por este motivo es necesario comentarles que muchos deportes practicados en la monta\u00f1a presentan elementos de riesgo. En el caso del mountain bike, por ejemplo, uno se puede caer de la bicicleta, golpearse o accidentarse.  Overland Salta cuenta con un equipo de gu\u00edas especializados en la pr\u00e1ctica de mountain bike. Dichos gu\u00edas est\u00e1n entrenados para poder desempe\u00f1arse en situaciones de primeros auxilios. Antes de la pr\u00e1ctica de cada actividad, usted recibir\u00e1 instrucciones de seguridad, adem\u00e1s de contar con el equipo necesario para el desempe\u00f1o de las excursiones. Para la pr\u00e1ctica del mountain bike ser\u00e1 necesario y obligatorio el uso del casco y guantes. \/ <em>Your security is our priority, for this reason is necessary to state that many sport practiced in mountains present risk elements. In the case of mountain bike, for example, one can fall off the bike, crash or accident.  Overland Salta has a team of tour guides expert in mountain bike. Such tour guides are trained to perform first aid in the mentioned situation. Before the practice of each activity, you will receive security instructions, apart from the necessary equipment for the participation in tour. During the practice of mountain bike , the use of Helmet and gloves are necessary and compulsory.<\/em><\/p>\n\n\n\n<p><strong>*CONOCIMIENTO DE LOS RIESGOS:<\/strong> Al firmar este documento, entiendo que la participaci\u00f3n en esta actividad, que la empresa Overland Salta brinde, presentan riesgos. Para el caso del mountain bike existe la posibilidad de que se caiga de la bicicleta, impactarse con equipo, ser atropellado por un autom\u00f3vil, piedras u otras personas, etc. Desde ya, participo con voluntad en cualquier actividad, pues estoy de acuerdo en aceptar todo riesgo de da\u00f1os, p\u00e9rdida o muerte<strong>._____________________________________(Firma).<\/strong><\/p>\n\n\n\n<p><em><strong>*RISKS AWERENESS:<\/strong><\/em><em> Upon the signature of this document, I assume that the participation in any of this guided activities, offered by Overland Salta, present risk. Regarding mountain bike, there is a possibility of fall, collision with Stones, cars or persons. I accept to participate in any activity, therefore I assume that any kinds of risks, lose or death may occur<\/em><em><strong>.<\/strong><\/em><\/p>\n\n\n\n<p><strong>*Responsabilidad:<\/strong> En consideraci\u00f3n a la actividad de Mountain Bike, Overland Salta solo se hace responsable, conforme a la legislaci\u00f3n vigente en la materia, por da\u00f1os sufridos por el pasajero por culpa o negligencia de la empresa. De ninguna manera se responsabiliza Overland Salta por el da\u00f1o sufrido por el riesgo propio de la actividad.<strong>____________________________________ <\/strong><strong>(Firma).<\/strong><\/p>\n\n\n\n<p><em>Responsibility: In consideration of participating in Mountain Bike, activity conducted by Overland Salta, we only are responsible by the legal legislation.<\/em><\/p>\n\n\n\n<p><strong>*INFORMACION MEDICA:<\/strong> (Medical Information): Por favor describa cualquier impedimento f\u00edsico, por ejemplo, embarazo, pedalear, sostener objetos pesados (como la bicicleta), y agregue cualquier problema m\u00e9dico (alergias o de salud). La presente tiene car\u00e1cter de DECLARACI\u00d3N JURADA.\/ <em>Please describe any medical conditions that you may have that would affect your ability to participate in this trip, for example, pregnancy, lift heavy objects, pedaling, or medical conditions that would need special care in emergency situations (allergies, etc<\/em><em><strong>.).____________________________________________________________________________________<\/strong><\/em><\/p>\n\n\n\n<p>_______________________________________ Fecha\/Date:_______\/_________\/_________<\/p>\n\n\n\n<p>Firma del participante\/ Signature of the participant D\u00eda\/day Mes\/Month A\u00f1o\/Year<\/p>\n\n\n\n<p>Si el\/ la participante es menor de 18, un pariente o guardia deber\u00eda firmar \/ If the participant is under 18, parent or guardian must sign.<\/p>\n\n\n\n<p>Seguros: Los pasajeros est\u00e1n cubiertos en sus personas por los seguros que marcan las normas vigentes, no as\u00ed sus equipajes, bultos de mano o pertenencias personales de ning\u00fan tipo que se consideran bajo la responsabilidad exclusiva de sus due\u00f1os.<\/p>\n\n\n\n<p><em><u>Insurance:<\/u><\/em><em> Participants are covered by the obligatory insurance; but all personal effects and baggage are under the exclusive responsibility of their owners.<\/em><\/p>\n\n\n\n<p>*Importante: Cuando medien causas de fuerza mayor, derrumbe o cierre de caminos, o no se haya completado el m\u00ednimo de 2 participantes para la excursi\u00f3n, Overland Salta se reserva el derecho de cancelar la salida de la misma. Se reintegrar\u00e1 a los pasajeros el 100% de lo abonado.<strong> \/<\/strong><em><u>Important<\/u><\/em><em><u><strong>:<\/strong><\/u><\/em><em> provided force majeur causes, landslide or road\u00b4s closure occur, or the minimum number of 2 participants has been completed for the tour, Overland Salta reserves its right to cancel its departure 100% of the paid amount will be reimburse.<\/em><\/p>\n\n\n\n<p>Nombre\/Name:_______________________________________________________________________<\/p>\n\n\n\n<p>Direcci\u00f3n\/Adress:____________________________________Ciudad\/City:_______________________<\/p>\n\n\n\n<p>Provincia\/State:_________________________CP\/Zip:__________Pa\u00eds\/Country:___________________<\/p>\n\n\n\n<p>Fecha de Nac.\/Date of birth:____\/____\/_______ Tel.:_______________________________<\/p>\n\n\n\n<p>E-Mail:__________________________________________Grupo sangu\u00edneo\/Blood Type:____________<\/p>","protected":false},"excerpt":{"rendered":"<p>*Su seguridad es nuestra prioridad, por este motivo es necesario comentarles que muchos deportes practicados en la monta\u00f1a presentan elementos de riesgo. En el caso del mountain bike, por ejemplo, uno se puede caer de la bicicleta, golpearse o accidentarse. Overland Salta cuenta con un equipo de gu\u00edas especializados en la pr\u00e1ctica de mountain bike. [&hellip;]<\/p>\n","protected":false},"author":4,"featured_media":0,"parent":0,"menu_order":0,"comment_status":"closed","ping_status":"closed","template":"","meta":{"_acf_changed":false,"footnotes":""},"class_list":["post-1999","page","type-page","status-publish","hentry"],"acf":[],"_links":{"self":[{"href":"https:\/\/overlandsalta.com\/en\/wp-json\/wp\/v2\/pages\/1999","targetHints":{"allow":["GET"]}}],"collection":[{"href":"https:\/\/overlandsalta.com\/en\/wp-json\/wp\/v2\/pages"}],"about":[{"href":"https:\/\/overlandsalta.com\/en\/wp-json\/wp\/v2\/types\/page"}],"author":[{"embeddable":true,"href":"https:\/\/overlandsalta.com\/en\/wp-json\/wp\/v2\/users\/4"}],"replies":[{"embeddable":true,"href":"https:\/\/overlandsalta.com\/en\/wp-json\/wp\/v2\/comments?post=1999"}],"version-history":[{"count":5,"href":"https:\/\/overlandsalta.com\/en\/wp-json\/wp\/v2\/pages\/1999\/revisions"}],"predecessor-version":[{"id":2615,"href":"https:\/\/overlandsalta.com\/en\/wp-json\/wp\/v2\/pages\/1999\/revisions\/2615"}],"wp:attachment":[{"href":"https:\/\/overlandsalta.com\/en\/wp-json\/wp\/v2\/media?parent=1999"}],"curies":[{"name":"wp","href":"https:\/\/api.w.org\/{rel}","templated":true}]}}